{"id":24370,"date":"2020-11-10T05:00:33","date_gmt":"2020-11-10T05:00:33","guid":{"rendered":"http:\/\/evrantarim.com\/index.php\/contact\/"},"modified":"2022-02-08T13:12:36","modified_gmt":"2022-02-08T13:12:36","slug":"iletisim","status":"publish","type":"page","link":"https:\/\/evrantarim.com\/index.php\/iletisim\/","title":{"rendered":"\u0130leti\u015fim"},"content":{"rendered":"\n\n\t<h2>\n\t\t\t\t\tAdres\n\t\t\t\t<\/h2>\n\t\t\t<p>Tevfikiye Mahallesi, Galericiler Sitesi, 150. Sokak, No:19, K\u0131rka\u011fa\u00e7\/Manisa<\/p>\n\t<h4>\n\t\t\t\t\tNurcan Evran\n\t\t\t\t<\/h4>\n\t\t\t<p>+90 533 202 8998<\/p>\n\t<h4>\n\t\t\t\t\tE-mail\n\t\t\t\t<\/h4>\n\t\t\t\n\t<iframe src=\"https:\/\/www.google.com\/maps\/embed?pb=!1m18!1m12!1m3!1d3096.139517380036!2d27.680557515356384!3d39.103293679539426!2m3!1f0!2f0!3f0!3m2!1i1024!2i768!4f13.1!3m3!1m2!1s0x14b9d997e150e805%3A0xd06d98bd8a76cc3e!2sEvran%20Tar%C4%B1m!5e0!3m2!1ses!2ses!4v1626113321145!5m2!1ses!2ses\" width=\"600\" height=\"450\" allowfullscreen=\"\" loading=\"lazy\"><\/iframe>\n\n","protected":false},"excerpt":{"rendered":"","protected":false},"author":1,"featured_media":0,"parent":0,"menu_order":0,"comment_status":"closed","ping_status":"closed","template":"","meta":{"site-sidebar-layout":"no-sidebar","site-content-layout":"page-builder","ast-site-content-layout":"default","site-content-style":"default","site-sidebar-style":"default","ast-global-header-display":"","ast-banner-title-visibility":"","ast-main-header-display":"","ast-hfb-above-header-display":"","ast-hfb-below-header-display":"","ast-hfb-mobile-header-display":"","site-post-title":"disabled","ast-breadcrumbs-content":"","ast-featured-img":"disabled","footer-sml-layout":"disabled","ast-disable-related-posts":"","theme-transparent-header-meta":"default","adv-header-id-meta":"","stick-header-meta":"","header-above-stick-meta":"","header-main-stick-meta":"","header-below-stick-meta":"","astra-migrate-meta-layouts":"default","ast-page-background-enabled":"default","ast-page-background-meta":{"desktop":{"background-color":"var(--ast-global-color-4)","background-image":"","background-repeat":"repeat","background-position":"center center","background-size":"auto","background-attachment":"scroll","background-type":"","background-media":"","overlay-type":"","overlay-color":"","overlay-opacity":"","overlay-gradient":""},"tablet":{"background-color":"","background-image":"","background-repeat":"repeat","background-position":"center center","background-size":"auto","background-attachment":"scroll","background-type":"","background-media":"","overlay-type":"","overlay-color":"","overlay-opacity":"","overlay-gradient":""},"mobile":{"background-color":"","background-image":"","background-repeat":"repeat","background-position":"center center","background-size":"auto","background-attachment":"scroll","background-type":"","background-media":"","overlay-type":"","overlay-color":"","overlay-opacity":"","overlay-gradient":""}},"ast-content-background-meta":{"desktop":{"background-color":"var(--ast-global-color-5)","background-image":"","background-repeat":"repeat","background-position":"center center","background-size":"auto","background-attachment":"scroll","background-type":"","background-media":"","overlay-type":"","overlay-color":"","overlay-opacity":"","overlay-gradient":""},"tablet":{"background-color":"var(--ast-global-color-5)","background-image":"","background-repeat":"repeat","background-position":"center center","background-size":"auto","background-attachment":"scroll","background-type":"","background-media":"","overlay-type":"","overlay-color":"","overlay-opacity":"","overlay-gradient":""},"mobile":{"background-color":"var(--ast-global-color-5)","background-image":"","background-repeat":"repeat","background-position":"center center","background-size":"auto","background-attachment":"scroll","background-type":"","background-media":"","overlay-type":"","overlay-color":"","overlay-opacity":"","overlay-gradient":""}},"footnotes":""},"class_list":["post-24370","page","type-page","status-publish","hentry"],"_links":{"self":[{"href":"https:\/\/evrantarim.com\/index.php\/wp-json\/wp\/v2\/pages\/24370","targetHints":{"allow":["GET"]}}],"collection":[{"href":"https:\/\/evrantarim.com\/index.php\/wp-json\/wp\/v2\/pages"}],"about":[{"href":"https:\/\/evrantarim.com\/index.php\/wp-json\/wp\/v2\/types\/page"}],"author":[{"embeddable":true,"href":"https:\/\/evrantarim.com\/index.php\/wp-json\/wp\/v2\/users\/1"}],"replies":[{"embeddable":true,"href":"https:\/\/evrantarim.com\/index.php\/wp-json\/wp\/v2\/comments?post=24370"}],"version-history":[{"count":8,"href":"https:\/\/evrantarim.com\/index.php\/wp-json\/wp\/v2\/pages\/24370\/revisions"}],"predecessor-version":[{"id":24692,"href":"https:\/\/evrantarim.com\/index.php\/wp-json\/wp\/v2\/pages\/24370\/revisions\/24692"}],"wp:attachment":[{"href":"https:\/\/evrantarim.com\/index.php\/wp-json\/wp\/v2\/media?parent=24370"}],"curies":[{"name":"wp","href":"https:\/\/api.w.org\/{rel}","templated":true}]}}