{"id":24365,"date":"2020-11-10T05:00:32","date_gmt":"2020-11-10T05:00:32","guid":{"rendered":"http:\/\/evrantarim.com\/index.php\/home\/"},"modified":"2022-02-09T11:17:35","modified_gmt":"2022-02-09T11:17:35","slug":"home","status":"publish","type":"page","link":"https:\/\/evrantarim.com\/","title":{"rendered":"Ana Sayfa"},"content":{"rendered":"\n\n\t<h1>\n\t\t\t\t\tK\u0131rka\u011fa\u00e7 Ovas\u0131&#8217;ndan t\u00fcm T\u00fcrkiye&#8217;ye\n\t\t\t\t<\/h1>\n\t\t\t<p>Evran Tar\u0131m y\u0131l boyu verimli K\u0131rka\u011fa\u00e7 Ovas\u0131 ve \u00e7evre k\u00f6ylerde \u00fcretti\u011fi ve \u00fcretimine destek oldu\u011fu ba\u015fta ay\u00e7i\u00e7e\u011fi ve zeytin gibi \u00fcr\u00fcnleri t\u00fcm T\u00fcrkiye&#8217;ye ula\u015ft\u0131rmaya \u00e7al\u0131\u015f\u0131yor.<\/p>\n\t\t\t<a href=\"https:\/\/evrantarim.com\/index.php\/about\/\" target=\"_self\" role=\"button\" rel=\"noopener\">\n\t\t\t\t\t\tHakk\u0131m\u0131zda\n\t\t<\/a>\n\t<meta itemprop=\"url\" content=\"https:\/\/evrantarim.com\/wp-content\/uploads\/2021\/06\/Secuencia-01.mp4\" \/><div style=\"width: 640px;\" class=\"wp-video\"><video class=\"wp-video-shortcode\" id=\"video-24365-1\" width=\"640\" height=\"360\" loop autoplay preload=\"metadata\" controls=\"controls\"><source type=\"video\/mp4\" src=\"https:\/\/evrantarim.com\/wp-content\/uploads\/2021\/06\/Secuencia-01.mp4?_=1\" \/><a href=\"https:\/\/evrantarim.com\/wp-content\/uploads\/2021\/06\/Secuencia-01.mp4\">https:\/\/evrantarim.com\/wp-content\/uploads\/2021\/06\/Secuencia-01.mp4<\/a><\/video><\/div>\n\t<h2>\n\t\t\t\t\t Evran Tar\u0131m topra\u011fa ve \u00e7al\u0131\u015fana sayg\u0131yla  y\u0131l boyu \u00fcretim yap\u0131yor.\n\t\t\t\t<\/h2>\n\t\t\t\t<img decoding=\"async\" src=\"https:\/\/evrantarim.com\/wp-content\/uploads\/2021\/06\/products_tractors-e1644317286954.jpeg\" alt=\"products_tractors\" itemprop=\"image\"\/>\n\t<h3>\n\t\t\t\t\tTrakt\u00f6r\n\t\t\t\t<\/h3>\n\t\t\t\t<img decoding=\"async\" src=\"http:\/\/evrantarim.com\/wp-content\/uploads\/2021\/06\/products_sunflower_1-1-1024x683.jpg\" alt=\"products_sunflower_1\" itemprop=\"image\"\/>\n\t<h3>\n\t\t\t\t\tAy\u00e7i\u00e7e\u011fi\n\t\t\t\t<\/h3>\n\t\t\t\t<img decoding=\"async\" src=\"https:\/\/evrantarim.com\/wp-content\/uploads\/2021\/05\/73364200_2366090836834314_7887975651221700608_n-1024x683.jpg\" alt=\"73364200_2366090836834314_7887975651221700608_n\" itemprop=\"image\"\/>\n\t<h3>\n\t\t\t\t\tZeytin\n\t\t\t\t<\/h3>\n\n","protected":false},"excerpt":{"rendered":"","protected":false},"author":1,"featured_media":0,"parent":0,"menu_order":0,"comment_status":"closed","ping_status":"closed","template":"","meta":{"site-sidebar-layout":"no-sidebar","site-content-layout":"page-builder","ast-site-content-layout":"default","site-content-style":"default","site-sidebar-style":"default","ast-global-header-display":"","ast-banner-title-visibility":"","ast-main-header-display":"","ast-hfb-above-header-display":"","ast-hfb-below-header-display":"","ast-hfb-mobile-header-display":"","site-post-title":"disabled","ast-breadcrumbs-content":"","ast-featured-img":"disabled","footer-sml-layout":"","ast-disable-related-posts":"","theme-transparent-header-meta":"default","adv-header-id-meta":"","stick-header-meta":"","header-above-stick-meta":"","header-main-stick-meta":"","header-below-stick-meta":"","astra-migrate-meta-layouts":"default","ast-page-background-enabled":"default","ast-page-background-meta":{"desktop":{"background-color":"var(--ast-global-color-4)","background-image":"","background-repeat":"repeat","background-position":"center center","background-size":"auto","background-attachment":"scroll","background-type":"","background-media":"","overlay-type":"","overlay-color":"","overlay-opacity":"","overlay-gradient":""},"tablet":{"background-color":"","background-image":"","background-repeat":"repeat","background-position":"center center","background-size":"auto","background-attachment":"scroll","background-type":"","background-media":"","overlay-type":"","overlay-color":"","overlay-opacity":"","overlay-gradient":""},"mobile":{"background-color":"","background-image":"","background-repeat":"repeat","background-position":"center center","background-size":"auto","background-attachment":"scroll","background-type":"","background-media":"","overlay-type":"","overlay-color":"","overlay-opacity":"","overlay-gradient":""}},"ast-content-background-meta":{"desktop":{"background-color":"var(--ast-global-color-5)","background-image":"","background-repeat":"repeat","background-position":"center center","background-size":"auto","background-attachment":"scroll","background-type":"","background-media":"","overlay-type":"","overlay-color":"","overlay-opacity":"","overlay-gradient":""},"tablet":{"background-color":"var(--ast-global-color-5)","background-image":"","background-repeat":"repeat","background-position":"center center","background-size":"auto","background-attachment":"scroll","background-type":"","background-media":"","overlay-type":"","overlay-color":"","overlay-opacity":"","overlay-gradient":""},"mobile":{"background-color":"var(--ast-global-color-5)","background-image":"","background-repeat":"repeat","background-position":"center center","background-size":"auto","background-attachment":"scroll","background-type":"","background-media":"","overlay-type":"","overlay-color":"","overlay-opacity":"","overlay-gradient":""}},"footnotes":""},"class_list":["post-24365","page","type-page","status-publish","hentry"],"_links":{"self":[{"href":"https:\/\/evrantarim.com\/index.php\/wp-json\/wp\/v2\/pages\/24365","targetHints":{"allow":["GET"]}}],"collection":[{"href":"https:\/\/evrantarim.com\/index.php\/wp-json\/wp\/v2\/pages"}],"about":[{"href":"https:\/\/evrantarim.com\/index.php\/wp-json\/wp\/v2\/types\/page"}],"author":[{"embeddable":true,"href":"https:\/\/evrantarim.com\/index.php\/wp-json\/wp\/v2\/users\/1"}],"replies":[{"embeddable":true,"href":"https:\/\/evrantarim.com\/index.php\/wp-json\/wp\/v2\/comments?post=24365"}],"version-history":[{"count":20,"href":"https:\/\/evrantarim.com\/index.php\/wp-json\/wp\/v2\/pages\/24365\/revisions"}],"predecessor-version":[{"id":24703,"href":"https:\/\/evrantarim.com\/index.php\/wp-json\/wp\/v2\/pages\/24365\/revisions\/24703"}],"wp:attachment":[{"href":"https:\/\/evrantarim.com\/index.php\/wp-json\/wp\/v2\/media?parent=24365"}],"curies":[{"name":"wp","href":"https:\/\/api.w.org\/{rel}","templated":true}]}}